{"id":492,"date":"2024-03-27T01:37:03","date_gmt":"2024-03-26T23:37:03","guid":{"rendered":"https:\/\/equiphogar.com\/home\/"},"modified":"2024-04-05T11:27:16","modified_gmt":"2024-04-05T09:27:16","slug":"home","status":"publish","type":"page","link":"https:\/\/equiphogar.com\/ca\/","title":{"rendered":"Home"},"content":{"rendered":"<div class=\"gb-container gb-container-5d0f84c5\">\n\n<figure class=\"gb-block-image gb-block-image-f6be0426\"><img loading=\"lazy\" decoding=\"async\" width=\"434\" height=\"55\" class=\"gb-image gb-image-f6be0426 titol\" src=\"https:\/\/equiphogar.com\/wp-content\/uploads\/2024\/03\/Yamal-Equiphogar_logo.png\" alt=\"\" title=\"Yamal-Equiphogar_logo\" srcset=\"https:\/\/equiphogar.com\/wp-content\/uploads\/2024\/03\/Yamal-Equiphogar_logo.png 434w, https:\/\/equiphogar.com\/wp-content\/uploads\/2024\/03\/Yamal-Equiphogar_logo-300x38.png 300w\" sizes=\"auto, (max-width: 434px) 100vw, 434px\" \/><\/figure>\n\n\n<nav style=\"font-size:18px;\" class=\"has-text-color has-base-3-color is-responsive items-justified-left wp-block-navigation is-content-justification-left is-layout-flex wp-container-core-navigation-is-layout-fdcfc74e wp-block-navigation-is-layout-flex\" aria-label=\"menu\" \n\t\t data-wp-interactive=\"core\/navigation\" data-wp-context='{\"overlayOpenedBy\":{\"click\":false,\"hover\":false,\"focus\":false},\"type\":\"overlay\",\"roleAttribute\":\"\",\"ariaLabel\":\"Men\\u00fa\"}'><button aria-haspopup=\"dialog\" aria-label=\"Obre el men\u00fa\" class=\"wp-block-navigation__responsive-container-open\" \n\t\t\t\tdata-wp-on--click=\"actions.openMenuOnClick\"\n\t\t\t\tdata-wp-on--keydown=\"actions.handleMenuKeydown\"\n\t\t\t><svg width=\"24\" height=\"24\" xmlns=\"http:\/\/www.w3.org\/2000\/svg\" viewBox=\"0 0 24 24\"><path d=\"M5 5v1.5h14V5H5z\"><\/path><path d=\"M5 12.8h14v-1.5H5v1.5z\"><\/path><path d=\"M5 19h14v-1.5H5V19z\"><\/path><\/svg><\/button>\n\t\t\t\t<div class=\"wp-block-navigation__responsive-container\"  id=\"modal-1\" \n\t\t\t\tdata-wp-class--has-modal-open=\"state.isMenuOpen\"\n\t\t\t\tdata-wp-class--is-menu-open=\"state.isMenuOpen\"\n\t\t\t\tdata-wp-watch=\"callbacks.initMenu\"\n\t\t\t\tdata-wp-on--keydown=\"actions.handleMenuKeydown\"\n\t\t\t\tdata-wp-on--focusout=\"actions.handleMenuFocusout\"\n\t\t\t\ttabindex=\"-1\"\n\t\t\t>\n\t\t\t\t\t<div class=\"wp-block-navigation__responsive-close\" tabindex=\"-1\">\n\t\t\t\t\t\t<div class=\"wp-block-navigation__responsive-dialog\" \n\t\t\t\tdata-wp-bind--aria-modal=\"state.ariaModal\"\n\t\t\t\tdata-wp-bind--aria-label=\"state.ariaLabel\"\n\t\t\t\tdata-wp-bind--role=\"state.roleAttribute\"\n\t\t\t>\n\t\t\t\t\t\t\t<button aria-label=\"Tanca el men\u00fa\" class=\"wp-block-navigation__responsive-container-close\" \n\t\t\t\tdata-wp-on--click=\"actions.closeMenuOnClick\"\n\t\t\t><svg xmlns=\"http:\/\/www.w3.org\/2000\/svg\" viewBox=\"0 0 24 24\" width=\"24\" height=\"24\" aria-hidden=\"true\" focusable=\"false\"><path d=\"m13.06 12 6.47-6.47-1.06-1.06L12 10.94 5.53 4.47 4.47 5.53 10.94 12l-6.47 6.47 1.06 1.06L12 13.06l6.47 6.47 1.06-1.06L13.06 12Z\"><\/path><\/svg><\/button>\n\t\t\t\t\t\t\t<div class=\"wp-block-navigation__responsive-container-content\" \n\t\t\t\tdata-wp-watch=\"callbacks.focusFirstElement\"\n\t\t\t id=\"modal-1-content\">\n\t\t\t\t\t\t\t\t<ul style=\"font-size:18px;\" class=\"wp-block-navigation__container has-text-color has-base-3-color is-responsive items-justified-left wp-block-navigation\"><li style=\"font-size: 18px;\" class=\" wp-block-navigation-item wp-block-navigation-link\"><a class=\"wp-block-navigation-item__content\"  href=\"https:\/\/equiphogar.com\/home\/\"><span class=\"wp-block-navigation-item__label\">Inici<\/span><\/a><\/li><li style=\"font-size: 18px;\" class=\" wp-block-navigation-item wp-block-navigation-link\"><a class=\"wp-block-navigation-item__content\"  href=\"https:\/\/equiphogar.com\/equipo\/\"><span class=\"wp-block-navigation-item__label\">Equip<\/span><\/a><\/li><li data-wp-context=\"{ &quot;submenuOpenedBy&quot;: { &quot;click&quot;: false, &quot;hover&quot;: false, &quot;focus&quot;: false }, &quot;type&quot;: &quot;submenu&quot;, &quot;modal&quot;: null, &quot;previousFocus&quot;: null }\" data-wp-interactive=\"core\/navigation\" data-wp-on--focusout=\"actions.handleMenuFocusout\" data-wp-on--keydown=\"actions.handleMenuKeydown\" data-wp-on--mouseenter=\"actions.openMenuOnHover\" data-wp-on--mouseleave=\"actions.closeMenuOnHover\" data-wp-watch=\"callbacks.initMenu\" tabindex=\"-1\" style=\"font-size: 18px;\" class=\"wp-block-navigation-item has-child open-on-hover-click wp-block-navigation-submenu\"><a class=\"wp-block-navigation-item__content\" href=\"https:\/\/equiphogar.com\/catalogo\/\"><span class=\"wp-block-navigation-item__label\">Cat\u00e1leg<\/span><\/a><button data-wp-bind--aria-expanded=\"state.isMenuOpen\" data-wp-on--click=\"actions.toggleMenuOnClick\" aria-label=\"Submen\u00fa de Cat\u00e1leg\" class=\"wp-block-navigation__submenu-icon wp-block-navigation-submenu__toggle\" ><svg xmlns=\"http:\/\/www.w3.org\/2000\/svg\" width=\"12\" height=\"12\" viewBox=\"0 0 12 12\" fill=\"none\" aria-hidden=\"true\" focusable=\"false\"><path d=\"M1.50002 4L6.00002 8L10.5 4\" stroke-width=\"1.5\"><\/path><\/svg><\/button><ul data-wp-on--focus=\"actions.openMenuOnFocus\" class=\"wp-block-navigation__submenu-container wp-block-navigation-submenu\"><li style=\"font-size: 18px;\" class=\" wp-block-navigation-item wp-block-navigation-link\"><a class=\"wp-block-navigation-item__content\"  href=\"https:\/\/equiphogar.com\/catalogo\/#Dormitorios\"><span class=\"wp-block-navigation-item__label\">Dormitorios<\/span><\/a><\/li><li style=\"font-size: 18px;\" class=\" wp-block-navigation-item wp-block-navigation-link\"><a class=\"wp-block-navigation-item__content\"  href=\"https:\/\/equiphogar.com\/catalogo\/#Armarios\"><span class=\"wp-block-navigation-item__label\">Armarios y Vestidores<\/span><\/a><\/li><li style=\"font-size: 18px;\" class=\" wp-block-navigation-item wp-block-navigation-link\"><a class=\"wp-block-navigation-item__content\"  href=\"https:\/\/equiphogar.com\/catalogo\/#Salon\"><span class=\"wp-block-navigation-item__label\">Salon &#8211; Comedor<\/span><\/a><\/li><li style=\"font-size: 18px;\" class=\" wp-block-navigation-item wp-block-navigation-link\"><a class=\"wp-block-navigation-item__content\"  href=\"https:\/\/equiphogar.com\/catalogo\/#Tapiceria\"><span class=\"wp-block-navigation-item__label\">Tapicer\u00eda<\/span><\/a><\/li><li style=\"font-size: 18px;\" class=\" wp-block-navigation-item wp-block-navigation-link\"><a class=\"wp-block-navigation-item__content\"  href=\"https:\/\/equiphogar.com\/catalogo\/#Sillas\"><span class=\"wp-block-navigation-item__label\">Sillas<\/span><\/a><\/li><li style=\"font-size: 18px;\" class=\" wp-block-navigation-item wp-block-navigation-link\"><a class=\"wp-block-navigation-item__content\"  href=\"https:\/\/equiphogar.com\/catalogo\/#Mesas\"><span class=\"wp-block-navigation-item__label\">Mesas<\/span><\/a><\/li><li style=\"font-size: 18px;\" class=\" wp-block-navigation-item wp-block-navigation-link\"><a class=\"wp-block-navigation-item__content\"  href=\"https:\/\/equiphogar.com\/catalogo\/#Descanso\"><span class=\"wp-block-navigation-item__label\">Descanso<\/span><\/a><\/li><li style=\"font-size: 18px;\" class=\" wp-block-navigation-item wp-block-navigation-link\"><a class=\"wp-block-navigation-item__content\"  href=\"https:\/\/equiphogar.com\/catalogo\/#Toadores\"><span class=\"wp-block-navigation-item__label\">Tocadores<\/span><\/a><\/li><li style=\"font-size: 18px;\" class=\" wp-block-navigation-item wp-block-navigation-link\"><a class=\"wp-block-navigation-item__content\"  href=\"https:\/\/equiphogar.com\/catalogo\/#Decoracion\"><span class=\"wp-block-navigation-item__label\">Decoraci\u00f3n<\/span><\/a><\/li><li style=\"font-size: 18px;\" class=\" wp-block-navigation-item wp-block-navigation-link\"><a class=\"wp-block-navigation-item__content\"  href=\"https:\/\/equiphogar.com\/catalogo\/#Contract\"><span class=\"wp-block-navigation-item__label\">Contract<\/span><\/a><\/li><\/ul><\/li><li style=\"font-size: 18px;\" class=\" wp-block-navigation-item wp-block-navigation-link\"><a class=\"wp-block-navigation-item__content\"  href=\"https:\/\/equiphogar.com\/contacto\/\"><span class=\"wp-block-navigation-item__label\">Contacte<\/span><\/a><\/li><li style=\"font-size: 18px;\" class=\" wp-block-navigation-item wp-block-navigation-link\"><a class=\"wp-block-navigation-item__content\"  href=\"https:\/\/equiphogar.com\/home\/\"><span class=\"wp-block-navigation-item__label\">ES<\/span><\/a><\/li><\/ul>\n\t\t\t\t\t\t\t<\/div>\n\t\t\t\t\t\t<\/div>\n\t\t\t\t\t<\/div>\n\t\t\t\t<\/div><\/nav>\n\n\n<h2 class=\"gb-headline gb-headline-1a66ac11 gb-headline-text\"><strong>L&#8217;equilibri perfecte<br><\/strong>entre qualitat, servei i preu.<\/h2>\n\n<\/div><div class=\"gb-container gb-container-e6c46c18\">\n<div class=\"gb-container gb-container-1a08fc01\">\n<div class=\"gb-container gb-container-6586dabe\">\n\n<p style=\"font-size:40px\"><strong>A Equiphogar som professionals dedicats a la representaci\u00f3 al sector del moble.<\/strong><\/p>\n\n\n\n<p style=\"font-size:18px\">Comptem amb m\u00e9s de 15 anys d&#8217;experi\u00e8ncia gestionant comptes de fabricants i distribu\u00efdors nacionals per a canal llar i Contract.<\/p>\n\n<\/div>\n\n<div class=\"gb-container gb-container-bee454ff\">\n\n<figure class=\"gb-block-image gb-block-image-6fab6f1e\"><img loading=\"lazy\" decoding=\"async\" width=\"800\" height=\"1129\" class=\"gb-image gb-image-6fab6f1e\" src=\"https:\/\/equiphogar.com\/wp-content\/uploads\/2024\/03\/black_chair3.png\" alt=\"\" title=\"black_chair3\" srcset=\"https:\/\/equiphogar.com\/wp-content\/uploads\/2024\/03\/black_chair3.png 800w, https:\/\/equiphogar.com\/wp-content\/uploads\/2024\/03\/black_chair3-213x300.png 213w, https:\/\/equiphogar.com\/wp-content\/uploads\/2024\/03\/black_chair3-726x1024.png 726w, https:\/\/equiphogar.com\/wp-content\/uploads\/2024\/03\/black_chair3-768x1084.png 768w\" sizes=\"auto, (max-width: 800px) 100vw, 800px\" \/><\/figure>\n\n<\/div>\n<\/div>\n<\/div><div class=\"gb-container gb-container-36584d7e\">\n<div class=\"gb-container gb-container-03e18978\">\n<div class=\"gb-container gb-container-74939c24\">\n\n<figure class=\"gb-block-image gb-block-image-fb71684c\"><img loading=\"lazy\" decoding=\"async\" width=\"2560\" height=\"2048\" class=\"gb-image gb-image-fb71684c\" src=\"https:\/\/equiphogar.com\/wp-content\/uploads\/2024\/03\/no1-Dormitorios-1a-imagen-principal-1-scaled.jpg\" alt=\"\" title=\"n\u00ba1 Dormitorios 1\u00aa imagen principal\" srcset=\"https:\/\/equiphogar.com\/wp-content\/uploads\/2024\/03\/no1-Dormitorios-1a-imagen-principal-1-scaled.jpg 2560w, https:\/\/equiphogar.com\/wp-content\/uploads\/2024\/03\/no1-Dormitorios-1a-imagen-principal-1-300x240.jpg 300w, https:\/\/equiphogar.com\/wp-content\/uploads\/2024\/03\/no1-Dormitorios-1a-imagen-principal-1-1024x819.jpg 1024w, https:\/\/equiphogar.com\/wp-content\/uploads\/2024\/03\/no1-Dormitorios-1a-imagen-principal-1-768x614.jpg 768w, https:\/\/equiphogar.com\/wp-content\/uploads\/2024\/03\/no1-Dormitorios-1a-imagen-principal-1-1536x1229.jpg 1536w, https:\/\/equiphogar.com\/wp-content\/uploads\/2024\/03\/no1-Dormitorios-1a-imagen-principal-1-2048x1638.jpg 2048w\" sizes=\"auto, (max-width: 2560px) 100vw, 2560px\" \/><\/figure>\n\n<\/div>\n\n<div class=\"gb-container gb-container-22c3b3b5\">\n\n<p style=\"font-size:30px\"><strong>La nostra missi\u00f3<\/strong><\/p>\n\n\n\n<p style=\"font-size:20px\">La nostra missi\u00f3 \u00e9s buscar el producte que pugui oferir al professional l&#8217;avantatge comercial m\u00e9s gran aportant productes amb un bon equilibri entre qualitat, servei i preu.<\/p>\n\n<\/div>\n<\/div>\n<\/div><div class=\"gb-container gb-container-ff08538a\">\n<div class=\"gb-container gb-container-549f6aad\">\n<div class=\"gb-container gb-container-2c9ccfa3 catsquare\">\n\n<p class=\"has-base-3-color has-text-color has-link-color wp-elements-6beba2d8fcc97490790e4c1a80f3c44c\" style=\"font-size:35px\"><a href=\"https:\/\/equiphogar.com\/catalogo\/#Dormitorios\">Dormitoris<\/a><\/p>\n\n<\/div>\n\n<div class=\"gb-container gb-container-2d89c2f0 catsquare\">\n\n<p class=\"has-base-3-color has-text-color has-link-color wp-elements-f0672fc34f8ffcd01659448df823e2c9\" style=\"font-size:35px\"><a href=\"https:\/\/equiphogar.com\/catalogo\/#Armarios\">Armaris i<br\/>Vestidors<\/a><\/p>\n\n<\/div>\n\n<div class=\"gb-container gb-container-427d8e41 catsquare\">\n\n<p class=\"has-base-3-color has-text-color has-link-color wp-elements-9d1692847c0b8bd4f3c220233fbdd166\" style=\"font-size:35px\"><a href=\"https:\/\/equiphogar.com\/catalogo\/#Salon\">Sal\u00f3 Menjador<\/a><\/p>\n\n<\/div>\n<\/div>\n\n<div class=\"gb-container gb-container-607b8f16\">\n<div class=\"gb-container gb-container-528f93c3 catsquare\">\n\n<p class=\"has-base-3-color has-text-color has-link-color wp-elements-9a71db13fb03205e94bc3d133b1cab9f\" style=\"font-size:35px\"><a href=\"https:\/\/equiphogar.com\/catalogo\/#Tapiceria\">Tapisseria<\/a><\/p>\n\n<\/div>\n\n<div class=\"gb-container gb-container-7c81f27f catsquare\">\n\n<p class=\"has-base-3-color has-text-color has-link-color wp-elements-c822b1094c7975e4580a945bee9d11d1\" style=\"font-size:35px\"><a href=\"https:\/\/equiphogar.com\/catalogo\/#Sillas\">Cadires<\/a><\/p>\n\n<\/div>\n\n<div class=\"gb-container gb-container-1878a43b catsquare\">\n\n<p class=\"has-base-3-color has-text-color has-link-color wp-elements-8a0e04e7af2bf83dc0eb22ead4439b88\" style=\"font-size:35px\"><a href=\"https:\/\/equiphogar.com\/catalogo\/#Mesas\">Taules<\/a><\/p>\n\n<\/div>\n<\/div>\n\n<div class=\"gb-container gb-container-f370516e\">\n<div class=\"gb-container gb-container-cb2e5d98 catsquare\">\n\n<p class=\"has-base-3-color has-text-color has-link-color wp-elements-658ec2a79a7c1cede7c7678ffd701d2d\" style=\"font-size:35px\"><a href=\"https:\/\/equiphogar.com\/catalogo\/#Descanso\">Descans<\/a><\/p>\n\n<\/div>\n\n<div class=\"gb-container gb-container-0f564e7c catsquare\">\n\n<p class=\"has-base-3-color has-text-color has-link-color wp-elements-66b7201e985e08a2b77730bf120a84ca\" style=\"font-size:35px\"><a href=\"https:\/\/equiphogar.com\/catalogo\/#Tocadores\">Tocadors<\/a><\/p>\n\n<\/div>\n\n<div class=\"gb-container gb-container-c2cc0fca catsquare\">\n\n<p class=\"has-base-3-color has-text-color has-link-color wp-elements-0803a7235ffbe9d6c1184a45d860d0f9\" style=\"font-size:35px\"><a href=\"https:\/\/equiphogar.com\/catalogo\/#Decoracion\">Decoraci\u00f3<\/a><\/p>\n\n<\/div>\n<\/div>\n\n<div class=\"gb-container gb-container-e116a6df\">\n<div class=\"gb-container gb-container-4031c22b catsquare\">\n\n<p class=\"has-base-3-color has-text-color has-link-color wp-elements-5f2628215c45f2b055b2c6c032b79f37\" style=\"font-size:35px\"><a href=\"https:\/\/equiphogar.com\/catalogo\/#Contract\">Contract<\/a><\/p>\n\n<\/div>\n<\/div>\n<\/div><div class=\"gb-container gb-container-c444ba0b\">\n<div class=\"gb-container gb-container-92256c89\">\n<div class=\"gb-container gb-container-c734cf6a\">\n\n<p style=\"font-size:30px\"><strong>El nostre comprom\u00eds<\/strong><\/p>\n\n\n\n<p style=\"font-size:20px\">El nostre comprom\u00eds \u00e9s assessorar el nostre client perqu\u00e8 pugui oferir al seu client final una enAtrega amb la m\u00e0xima satisfacci\u00f3 possible.<\/p>\n\n<\/div>\n\n<div class=\"gb-container gb-container-2e899abb\">\n\n<figure class=\"gb-block-image gb-block-image-5b8d7257\"><img loading=\"lazy\" decoding=\"async\" width=\"2560\" height=\"2048\" class=\"gb-image gb-image-5b8d7257\" src=\"https:\/\/equiphogar.com\/wp-content\/uploads\/2024\/03\/no1-Dormitorios-1a-imagen-principal-1-scaled.jpg\" alt=\"\" title=\"n\u00ba1 Dormitorios 1\u00aa imagen principal\" srcset=\"https:\/\/equiphogar.com\/wp-content\/uploads\/2024\/03\/no1-Dormitorios-1a-imagen-principal-1-scaled.jpg 2560w, https:\/\/equiphogar.com\/wp-content\/uploads\/2024\/03\/no1-Dormitorios-1a-imagen-principal-1-300x240.jpg 300w, https:\/\/equiphogar.com\/wp-content\/uploads\/2024\/03\/no1-Dormitorios-1a-imagen-principal-1-1024x819.jpg 1024w, https:\/\/equiphogar.com\/wp-content\/uploads\/2024\/03\/no1-Dormitorios-1a-imagen-principal-1-768x614.jpg 768w, https:\/\/equiphogar.com\/wp-content\/uploads\/2024\/03\/no1-Dormitorios-1a-imagen-principal-1-1536x1229.jpg 1536w, https:\/\/equiphogar.com\/wp-content\/uploads\/2024\/03\/no1-Dormitorios-1a-imagen-principal-1-2048x1638.jpg 2048w\" sizes=\"auto, (max-width: 2560px) 100vw, 2560px\" \/><\/figure>\n\n<\/div>\n<\/div>\n<\/div><div class=\"gb-container gb-container-d5a86213\">\n<div class=\"gb-container gb-container-e142dfc4\">\n\n<h3 class=\"gb-headline gb-headline-c1857422 gb-headline-text\">Contacta amb nosaltres<\/h3>\n\n\n\n<p class=\"has-text-align-center\">El nostre equip t&#8217;est\u00e0 esperant per<br\/>a ajudar-te a trobar les solucions<br\/>que necessites<\/p>\n\n\n\n<a class=\"gb-button gb-button-1dd44732 gb-button-text\" href=\"https:\/\/equiphogar.com\/contacto\/\">Contacte<\/a>\n\n<\/div>\n\n<div class=\"gb-container gb-container-7e6d4a67\">\n\n<figure class=\"gb-block-image gb-block-image-7b3355f7\"><img loading=\"lazy\" decoding=\"async\" width=\"434\" height=\"55\" class=\"gb-image gb-image-7b3355f7\" src=\"https:\/\/equiphogar.com\/wp-content\/uploads\/2024\/03\/Yamal-Equiphogar_logo.png\" alt=\"\" title=\"Yamal-Equiphogar_logo\" srcset=\"https:\/\/equiphogar.com\/wp-content\/uploads\/2024\/03\/Yamal-Equiphogar_logo.png 434w, https:\/\/equiphogar.com\/wp-content\/uploads\/2024\/03\/Yamal-Equiphogar_logo-300x38.png 300w\" sizes=\"auto, (max-width: 434px) 100vw, 434px\" \/><\/figure>\n\n\n\n<p style=\"font-size:15px\">\u201c A Equiphogar som professionals dedicats a la representaci\u00f3 <br\/>en el sector del moble amb m\u00e9s de 15 anys d&#8217;experi\u00e8ncia,<br\/>gestionant comptes de fabricants i distribu\u00efdors nacionals <br\/>per al canal llar i Contract.\u201d<\/p>\n\n<\/div>\n\n<div class=\"gb-container gb-container-9088a5bb\">\n\n<p class=\"has-contrast-color has-text-color has-link-color wp-elements-7d8be67576e8d5919fa74450db53fba4\" style=\"font-size:12px\"><a href=\"https:\/\/equiphogar.com\/aviso-legal\/\">Avis Legal<\/a> \u00b7 <a href=\"https:\/\/equiphogar.com\/politica-de-privacidad\/\">Pol\u00edtica de privacitat<\/a> \u00b7 <a href=\"https:\/\/equiphogar.com\/politica-de-cookies\/\">Pol\u00edtica de cookies<\/a> \u00b7 <a href=\"https:\/\/equiphogar.com\/kit-digital\/\">Kit Digital<\/a><\/p>\n\n<\/div>\n<\/div>","protected":false},"excerpt":{"rendered":"<p>L&#8217;equilibri perfecteentre qualitat, servei i preu. A Equiphogar som professionals dedicats a la representaci\u00f3 al sector del moble. Comptem amb m\u00e9s de 15 anys d&#8217;experi\u00e8ncia gestionant comptes de fabricants i distribu\u00efdors nacionals per a canal llar i Contract. La nostra missi\u00f3 La nostra missi\u00f3 \u00e9s buscar el producte que pugui oferir al professional l&#8217;avantatge comercial &#8230; <a title=\"Home\" class=\"read-more\" href=\"https:\/\/equiphogar.com\/ca\/\" aria-label=\"M\u00e9s informaci\u00f3 sobre Home\">Llegiu m\u00e9s<\/a><\/p>\n","protected":false},"author":1,"featured_media":0,"parent":0,"menu_order":0,"comment_status":"closed","ping_status":"closed","template":"","meta":{"footnotes":""},"class_list":["post-492","page","type-page","status-publish"],"yoast_head":"<!-- This site is optimized with the Yoast SEO plugin v24.9 - https:\/\/yoast.com\/wordpress\/plugins\/seo\/ -->\n<title>Home - Equip Hogar<\/title>\n<meta name=\"description\" content=\"Descubre Equiphogar, tu aliado en muebles con m\u00e1s de 15 a\u00f1os de experiencia. Ofrecemos calidad, servicio y precios competitivos en muebles para el hogar y Contract. \u00a1Transforma tu espacio hoy!\" \/>\n<meta name=\"robots\" content=\"index, follow, max-snippet:-1, max-image-preview:large, max-video-preview:-1\" \/>\n<link rel=\"canonical\" href=\"https:\/\/equiphogar.com\/ca\/\" \/>\n<meta property=\"og:locale\" content=\"ca_ES\" \/>\n<meta property=\"og:type\" content=\"article\" \/>\n<meta property=\"og:title\" content=\"Home - Equip Hogar\" \/>\n<meta property=\"og:description\" content=\"Descubre Equiphogar, tu aliado en muebles con m\u00e1s de 15 a\u00f1os de experiencia. Ofrecemos calidad, servicio y precios competitivos en muebles para el hogar y Contract. \u00a1Transforma tu espacio hoy!\" \/>\n<meta property=\"og:url\" content=\"https:\/\/equiphogar.com\/ca\/\" \/>\n<meta property=\"og:site_name\" content=\"Equip Hogar\" \/>\n<meta property=\"article:modified_time\" content=\"2024-04-05T09:27:16+00:00\" \/>\n<meta property=\"og:image\" content=\"https:\/\/equiphogar.com\/wp-content\/uploads\/2024\/03\/Yamal-Equiphogar_logo.png\" \/>\n<meta name=\"twitter:card\" content=\"summary_large_image\" \/>\n<meta name=\"twitter:label1\" content=\"Temps estimat de lectura\" \/>\n\t<meta name=\"twitter:data1\" content=\"1 minut\" \/>\n<script type=\"application\/ld+json\" class=\"yoast-schema-graph\">{\"@context\":\"https:\/\/schema.org\",\"@graph\":[{\"@type\":\"WebPage\",\"@id\":\"https:\/\/equiphogar.com\/ca\/\",\"url\":\"https:\/\/equiphogar.com\/ca\/\",\"name\":\"Home - Equip Hogar\",\"isPartOf\":{\"@id\":\"https:\/\/equiphogar.com\/ca\/#website\"},\"primaryImageOfPage\":{\"@id\":\"https:\/\/equiphogar.com\/ca\/#primaryimage\"},\"image\":{\"@id\":\"https:\/\/equiphogar.com\/ca\/#primaryimage\"},\"thumbnailUrl\":\"https:\/\/equiphogar.com\/wp-content\/uploads\/2024\/03\/Yamal-Equiphogar_logo.png\",\"datePublished\":\"2024-03-26T23:37:03+00:00\",\"dateModified\":\"2024-04-05T09:27:16+00:00\",\"description\":\"Descubre Equiphogar, tu aliado en muebles con m\u00e1s de 15 a\u00f1os de experiencia. Ofrecemos calidad, servicio y precios competitivos en muebles para el hogar y Contract. \u00a1Transforma tu espacio hoy!\",\"breadcrumb\":{\"@id\":\"https:\/\/equiphogar.com\/ca\/#breadcrumb\"},\"inLanguage\":\"ca\",\"potentialAction\":[{\"@type\":\"ReadAction\",\"target\":[\"https:\/\/equiphogar.com\/ca\/\"]}]},{\"@type\":\"ImageObject\",\"inLanguage\":\"ca\",\"@id\":\"https:\/\/equiphogar.com\/ca\/#primaryimage\",\"url\":\"https:\/\/equiphogar.com\/wp-content\/uploads\/2024\/03\/Yamal-Equiphogar_logo.png\",\"contentUrl\":\"https:\/\/equiphogar.com\/wp-content\/uploads\/2024\/03\/Yamal-Equiphogar_logo.png\"},{\"@type\":\"BreadcrumbList\",\"@id\":\"https:\/\/equiphogar.com\/ca\/#breadcrumb\",\"itemListElement\":[{\"@type\":\"ListItem\",\"position\":1,\"name\":\"Inici\",\"item\":\"https:\/\/equiphogar.com\/ca\/home\/\"},{\"@type\":\"ListItem\",\"position\":2,\"name\":\"Home\"}]},{\"@type\":\"WebSite\",\"@id\":\"https:\/\/equiphogar.com\/ca\/#website\",\"url\":\"https:\/\/equiphogar.com\/ca\/\",\"name\":\"Equip Hogar\",\"description\":\"Un altre lloc gestionat amb el WordPress\",\"potentialAction\":[{\"@type\":\"SearchAction\",\"target\":{\"@type\":\"EntryPoint\",\"urlTemplate\":\"https:\/\/equiphogar.com\/ca\/?s={search_term_string}\"},\"query-input\":{\"@type\":\"PropertyValueSpecification\",\"valueRequired\":true,\"valueName\":\"search_term_string\"}}],\"inLanguage\":\"ca\"}]}<\/script>\n<!-- \/ Yoast SEO plugin. -->","yoast_head_json":{"title":"Home - Equip Hogar","description":"Descubre Equiphogar, tu aliado en muebles con m\u00e1s de 15 a\u00f1os de experiencia. Ofrecemos calidad, servicio y precios competitivos en muebles para el hogar y Contract. \u00a1Transforma tu espacio hoy!","robots":{"index":"index","follow":"follow","max-snippet":"max-snippet:-1","max-image-preview":"max-image-preview:large","max-video-preview":"max-video-preview:-1"},"canonical":"https:\/\/equiphogar.com\/ca\/","og_locale":"ca_ES","og_type":"article","og_title":"Home - Equip Hogar","og_description":"Descubre Equiphogar, tu aliado en muebles con m\u00e1s de 15 a\u00f1os de experiencia. Ofrecemos calidad, servicio y precios competitivos en muebles para el hogar y Contract. \u00a1Transforma tu espacio hoy!","og_url":"https:\/\/equiphogar.com\/ca\/","og_site_name":"Equip Hogar","article_modified_time":"2024-04-05T09:27:16+00:00","og_image":[{"url":"https:\/\/equiphogar.com\/wp-content\/uploads\/2024\/03\/Yamal-Equiphogar_logo.png","type":"","width":"","height":""}],"twitter_card":"summary_large_image","twitter_misc":{"Temps estimat de lectura":"1 minut"},"schema":{"@context":"https:\/\/schema.org","@graph":[{"@type":"WebPage","@id":"https:\/\/equiphogar.com\/ca\/","url":"https:\/\/equiphogar.com\/ca\/","name":"Home - Equip Hogar","isPartOf":{"@id":"https:\/\/equiphogar.com\/ca\/#website"},"primaryImageOfPage":{"@id":"https:\/\/equiphogar.com\/ca\/#primaryimage"},"image":{"@id":"https:\/\/equiphogar.com\/ca\/#primaryimage"},"thumbnailUrl":"https:\/\/equiphogar.com\/wp-content\/uploads\/2024\/03\/Yamal-Equiphogar_logo.png","datePublished":"2024-03-26T23:37:03+00:00","dateModified":"2024-04-05T09:27:16+00:00","description":"Descubre Equiphogar, tu aliado en muebles con m\u00e1s de 15 a\u00f1os de experiencia. Ofrecemos calidad, servicio y precios competitivos en muebles para el hogar y Contract. \u00a1Transforma tu espacio hoy!","breadcrumb":{"@id":"https:\/\/equiphogar.com\/ca\/#breadcrumb"},"inLanguage":"ca","potentialAction":[{"@type":"ReadAction","target":["https:\/\/equiphogar.com\/ca\/"]}]},{"@type":"ImageObject","inLanguage":"ca","@id":"https:\/\/equiphogar.com\/ca\/#primaryimage","url":"https:\/\/equiphogar.com\/wp-content\/uploads\/2024\/03\/Yamal-Equiphogar_logo.png","contentUrl":"https:\/\/equiphogar.com\/wp-content\/uploads\/2024\/03\/Yamal-Equiphogar_logo.png"},{"@type":"BreadcrumbList","@id":"https:\/\/equiphogar.com\/ca\/#breadcrumb","itemListElement":[{"@type":"ListItem","position":1,"name":"Inici","item":"https:\/\/equiphogar.com\/ca\/home\/"},{"@type":"ListItem","position":2,"name":"Home"}]},{"@type":"WebSite","@id":"https:\/\/equiphogar.com\/ca\/#website","url":"https:\/\/equiphogar.com\/ca\/","name":"Equip Hogar","description":"Un altre lloc gestionat amb el WordPress","potentialAction":[{"@type":"SearchAction","target":{"@type":"EntryPoint","urlTemplate":"https:\/\/equiphogar.com\/ca\/?s={search_term_string}"},"query-input":{"@type":"PropertyValueSpecification","valueRequired":true,"valueName":"search_term_string"}}],"inLanguage":"ca"}]}},"_links":{"self":[{"href":"https:\/\/equiphogar.com\/ca\/wp-json\/wp\/v2\/pages\/492","targetHints":{"allow":["GET"]}}],"collection":[{"href":"https:\/\/equiphogar.com\/ca\/wp-json\/wp\/v2\/pages"}],"about":[{"href":"https:\/\/equiphogar.com\/ca\/wp-json\/wp\/v2\/types\/page"}],"author":[{"embeddable":true,"href":"https:\/\/equiphogar.com\/ca\/wp-json\/wp\/v2\/users\/1"}],"replies":[{"embeddable":true,"href":"https:\/\/equiphogar.com\/ca\/wp-json\/wp\/v2\/comments?post=492"}],"version-history":[{"count":3,"href":"https:\/\/equiphogar.com\/ca\/wp-json\/wp\/v2\/pages\/492\/revisions"}],"predecessor-version":[{"id":495,"href":"https:\/\/equiphogar.com\/ca\/wp-json\/wp\/v2\/pages\/492\/revisions\/495"}],"wp:attachment":[{"href":"https:\/\/equiphogar.com\/ca\/wp-json\/wp\/v2\/media?parent=492"}],"curies":[{"name":"wp","href":"https:\/\/api.w.org\/{rel}","templated":true}]}}